{"id":181,"date":"2020-10-04T06:49:35","date_gmt":"2020-10-04T06:49:35","guid":{"rendered":"http:\/\/kiralylovastanya.hu\/?page_id=181"},"modified":"2026-02-28T13:23:35","modified_gmt":"2026-02-28T12:23:35","slug":"kapcsolat","status":"publish","type":"page","link":"https:\/\/kiralylovastanya.hu\/?page_id=181","title":{"rendered":"Kapcsolat"},"content":{"rendered":"<p>[et_pb_section fb_built=&#8221;1&#8243; admin_label=&#8221;Best Beans&#8221; _builder_version=&#8221;4.16&#8243; background_color_gradient_direction=&#8221;90deg&#8221; custom_padding=&#8221;0px|0px|0px|0px&#8221; locked=&#8221;off&#8221; global_colors_info=&#8221;{}&#8221;][et_pb_row column_structure=&#8221;1_2,1_2&#8243; use_custom_gutter=&#8221;on&#8221; gutter_width=&#8221;1&#8243; make_equal=&#8221;on&#8221; admin_label=&#8221;Best Beans Row&#8221; module_class=&#8221; et_pb_row_fullwidth&#8221; _builder_version=&#8221;4.16&#8243; width=&#8221;100%&#8221; width_tablet=&#8221;100%&#8221; width_phone=&#8221;&#8221; width_last_edited=&#8221;on|desktop&#8221; max_width=&#8221;100%&#8221; max_width_tablet=&#8221;100%&#8221; max_width_phone=&#8221;&#8221; max_width_last_edited=&#8221;on|desktop&#8221; custom_margin=&#8221;|auto|51px|auto||&#8221; custom_padding=&#8221;0px|0px|0px|0px||&#8221; make_fullwidth=&#8221;on&#8221; global_colors_info=&#8221;{}&#8221;][et_pb_column type=&#8221;1_2&#8243; _builder_version=&#8221;4.16&#8243; background_color=&#8221;#242424&#8243; background_enable_image=&#8221;off&#8221; background_repeat=&#8221;repeat&#8221; background_blend=&#8221;multiply&#8221; custom_padding=&#8221;80px|5%|80px|5%&#8221; global_colors_info=&#8221;{}&#8221; custom_padding__hover=&#8221;|||&#8221;][et_pb_text admin_label=&#8221;Texts&#8221; _builder_version=&#8221;4.16&#8243; text_font=&#8221;Oswald||||&#8221; link_font=&#8221;||||||||&#8221; ul_font=&#8221;||||||||&#8221; ol_font=&#8221;||||||||&#8221; quote_font=&#8221;||||||||&#8221; header_font=&#8221;Montserrat||||||||&#8221; header_2_font=&#8221;Montserrat|||on|||||&#8221; header_2_text_align=&#8221;left&#8221; header_2_font_size=&#8221;30px&#8221; header_2_letter_spacing=&#8221;2px&#8221; header_2_line_height=&#8221;1.5em&#8221; background_layout=&#8221;dark&#8221; custom_margin=&#8221;||4%|&#8221; custom_padding=&#8221;|||&#8221; locked=&#8221;off&#8221; global_colors_info=&#8221;{}&#8221;]<\/p>\n<h2>Kapcsolat<\/h2>\n<p>[\/et_pb_text][et_pb_text admin_label=&#8221;Texts&#8221; _builder_version=&#8221;4.16&#8243; text_font=&#8221;Montserrat||||||||&#8221; text_font_size=&#8221;16px&#8221; header_font=&#8221;Montserrat|||on|||||&#8221; header_text_color=&#8221;#ebcd3d&#8221; header_font_size=&#8221;16px&#8221; header_letter_spacing=&#8221;2px&#8221; header_line_height=&#8221;1.7em&#8221; header_4_font=&#8221;Montserrat|||on|||||&#8221; header_4_text_color=&#8221;#ebcd3d&#8221; header_4_font_size=&#8221;16px&#8221; header_4_letter_spacing=&#8221;1px&#8221; header_4_line_height=&#8221;1.5em&#8221; background_layout=&#8221;dark&#8221; custom_margin=&#8221;||6%|&#8221; locked=&#8221;off&#8221; global_colors_info=&#8221;{}&#8221;]<\/p>\n<h4>Telefon:<\/h4>\n<p>+36 30 627 0744<\/p>\n<p>+36\u00a030 998 8758<\/p>\n<p>[\/et_pb_text][et_pb_text admin_label=&#8221;Texts&#8221; _builder_version=&#8221;4.16&#8243; text_font=&#8221;Montserrat||||||||&#8221; text_font_size=&#8221;16px&#8221; header_font=&#8221;Montserrat|||on|||||&#8221; header_text_color=&#8221;#DCA57D&#8221; header_font_size=&#8221;16px&#8221; header_letter_spacing=&#8221;2px&#8221; header_line_height=&#8221;1.7em&#8221; header_4_font=&#8221;Montserrat|||on|||||&#8221; header_4_text_color=&#8221;#ebcd3d&#8221; header_4_font_size=&#8221;16px&#8221; header_4_letter_spacing=&#8221;1px&#8221; header_4_line_height=&#8221;1.5em&#8221; background_layout=&#8221;dark&#8221; custom_margin=&#8221;||6%|&#8221; locked=&#8221;off&#8221; global_colors_info=&#8221;{}&#8221;]<\/p>\n<h4>E-mail:<\/h4>\n<p>kiraly@kiralylovastanya.hu<\/p>\n<p>[\/et_pb_text][et_pb_text admin_label=&#8221;Texts&#8221; _builder_version=&#8221;4.16&#8243; text_font=&#8221;Montserrat||||||||&#8221; text_font_size=&#8221;16px&#8221; text_line_height=&#8221;1.5em&#8221; header_font=&#8221;Montserrat|||on|||||&#8221; header_text_color=&#8221;#ebcd3d&#8221; header_font_size=&#8221;16px&#8221; header_letter_spacing=&#8221;2px&#8221; header_line_height=&#8221;1.7em&#8221; header_4_font=&#8221;Montserrat|||on|||||&#8221; header_4_text_color=&#8221;#ebcd3d&#8221; header_4_font_size=&#8221;16px&#8221; header_4_letter_spacing=&#8221;1px&#8221; header_4_line_height=&#8221;1.5em&#8221; background_layout=&#8221;dark&#8221; custom_margin=&#8221;||6%|&#8221; locked=&#8221;off&#8221; global_colors_info=&#8221;{}&#8221;]<\/p>\n<h4>C\u00edm<\/h4>\n<p>6440 J\u00e1noshalma,<br \/> Parcelok 27\/a.<\/p>\n<p>[\/et_pb_text][\/et_pb_column][et_pb_column type=&#8221;1_2&#8243; _builder_version=&#8221;4.16&#8243; custom_padding=&#8221;80px|5%|80px|5%&#8221; global_colors_info=&#8221;{}&#8221; custom_padding__hover=&#8221;|||&#8221;][et_pb_text admin_label=&#8221;Tittle&#8221; _builder_version=&#8221;4.16&#8243; text_font=&#8221;Nunito||||||||&#8221; text_font_size=&#8221;18px&#8221; text_line_height=&#8221;1.8em&#8221; header_font=&#8221;||||||||&#8221; header_text_align=&#8221;center&#8221; header_3_font=&#8221;Montserrat||||||||&#8221; header_3_font_size=&#8221;30px&#8221; header_3_letter_spacing=&#8221;2px&#8221; header_3_line_height=&#8221;1.5em&#8221; max_width=&#8221;600px&#8221; max_width_tablet=&#8221;&#8221; max_width_phone=&#8221;&#8221; max_width_last_edited=&#8221;on|phone&#8221; module_alignment=&#8221;left&#8221; custom_margin=&#8221;|||&#8221; locked=&#8221;off&#8221; global_colors_info=&#8221;{}&#8221;]<\/p>\n<h3>\u00cdrja meg nek\u00fcnk k\u00e9rd\u00e9s\u00e9t!<\/h3>\n<p>[\/et_pb_text][\/et_pb_column][\/et_pb_row][\/et_pb_section][et_pb_section fb_built=&#8221;1&#8243; fullwidth=&#8221;on&#8221; admin_label=&#8221;Map Section&#8221; _builder_version=&#8221;4.16&#8243; global_colors_info=&#8221;{}&#8221;][et_pb_fullwidth_image src=&#8221;https:\/\/kiralylovastanya.hu\/wp-content\/uploads\/2024\/04\/kest.png&#8221; title_text=&#8221;kest&#8221; url=&#8221;https:\/\/maps.app.goo.gl\/NQD4r9JDhqAHtsCj7&#8243; url_new_window=&#8221;on&#8221; _builder_version=&#8221;4.25.0&#8243; _module_preset=&#8221;default&#8221; border_radii=&#8221;off|2px|2px|2px|2px&#8221; border_width_all=&#8221;3px&#8221; border_color_all=&#8221;#000000&#8243; global_colors_info=&#8221;{}&#8221;][\/et_pb_fullwidth_image][\/et_pb_section][et_pb_section fb_built=&#8221;1&#8243; admin_label=&#8221;Best Beans&#8221; _builder_version=&#8221;4.16&#8243; background_color_gradient_direction=&#8221;90deg&#8221; custom_padding=&#8221;0px|0px|0px|0px&#8221; locked=&#8221;off&#8221; global_colors_info=&#8221;{}&#8221;][\/et_pb_section]<\/p>\n","protected":false},"excerpt":{"rendered":"<p>KapcsolatTelefon: +36 30 627 0744 +36\u00a030 998 8758E-mail: kiraly@kiralylovastanya.huC\u00edm 6440 J\u00e1noshalma, Parcelok 27\/a.\u00cdrja meg nek\u00fcnk k\u00e9rd\u00e9s\u00e9t!<\/p>\n","protected":false},"author":1,"featured_media":0,"parent":0,"menu_order":0,"comment_status":"closed","ping_status":"closed","template":"","meta":{"_et_pb_use_builder":"on","_et_pb_old_content":"<!-- wp:divi\/placeholder \/-->","_et_gb_content_width":"","footnotes":""},"class_list":["post-181","page","type-page","status-publish","hentry"],"_links":{"self":[{"href":"https:\/\/kiralylovastanya.hu\/index.php?rest_route=\/wp\/v2\/pages\/181","targetHints":{"allow":["GET"]}}],"collection":[{"href":"https:\/\/kiralylovastanya.hu\/index.php?rest_route=\/wp\/v2\/pages"}],"about":[{"href":"https:\/\/kiralylovastanya.hu\/index.php?rest_route=\/wp\/v2\/types\/page"}],"author":[{"embeddable":true,"href":"https:\/\/kiralylovastanya.hu\/index.php?rest_route=\/wp\/v2\/users\/1"}],"replies":[{"embeddable":true,"href":"https:\/\/kiralylovastanya.hu\/index.php?rest_route=%2Fwp%2Fv2%2Fcomments&post=181"}],"version-history":[{"count":38,"href":"https:\/\/kiralylovastanya.hu\/index.php?rest_route=\/wp\/v2\/pages\/181\/revisions"}],"predecessor-version":[{"id":2094,"href":"https:\/\/kiralylovastanya.hu\/index.php?rest_route=\/wp\/v2\/pages\/181\/revisions\/2094"}],"wp:attachment":[{"href":"https:\/\/kiralylovastanya.hu\/index.php?rest_route=%2Fwp%2Fv2%2Fmedia&parent=181"}],"curies":[{"name":"wp","href":"https:\/\/api.w.org\/{rel}","templated":true}]}}