{"id":782,"date":"2021-06-14T18:19:26","date_gmt":"2021-06-14T18:19:26","guid":{"rendered":"http:\/\/kiralylovastanya.hu\/?page_id=782"},"modified":"2026-02-24T19:19:46","modified_gmt":"2026-02-24T18:19:46","slug":"782-2","status":"publish","type":"page","link":"https:\/\/kiralylovastanya.hu\/?page_id=782","title":{"rendered":"Rendezv\u00e9ny"},"content":{"rendered":"<p>[et_pb_section fb_built=&#8221;1&#8243; fullwidth=&#8221;on&#8221; _builder_version=&#8221;4.16&#8243; _module_preset=&#8221;default&#8221; background_enable_image=&#8221;off&#8221; custom_margin=&#8221;50px|||||&#8221; global_colors_info=&#8221;{}&#8221;][\/et_pb_section][et_pb_section fb_built=&#8221;1&#8243; fullwidth=&#8221;on&#8221; module_id=&#8221;eskuvo&#8221; _builder_version=&#8221;4.16&#8243; _module_preset=&#8221;default&#8221; custom_margin=&#8221;29px|||||&#8221; global_colors_info=&#8221;{}&#8221;][et_pb_fullwidth_slider use_bg_overlay=&#8221;off&#8221; _builder_version=&#8221;4.16&#8243; _module_preset=&#8221;default&#8221; background_image=&#8221;http:\/\/kiralylovastanya.hu\/wp-content\/uploads\/2021\/06\/slider_1000px-3.png&#8221; text_orientation=&#8221;left&#8221; custom_margin=&#8221;-40px|||||&#8221; custom_padding=&#8221;||204px|||&#8221; text_shadow_style=&#8221;preset1&#8243; global_colors_info=&#8221;{}&#8221;][et_pb_slide use_bg_overlay=&#8221;on&#8221; use_text_overlay=&#8221;off&#8221; _builder_version=&#8221;4.16&#8243; _module_preset=&#8221;default&#8221; header_level=&#8221;h1&#8243; header_font=&#8221;Montserrat||||||||&#8221; body_font=&#8221;Montserrat||||||||&#8221; text_shadow_style=&#8221;preset2&#8243; global_colors_info=&#8221;{}&#8221; sticky_transition=&#8221;on&#8221;][\/et_pb_slide][\/et_pb_fullwidth_slider][\/et_pb_section][et_pb_section fb_built=&#8221;1&#8243; _builder_version=&#8221;4.16&#8243; background_color=&#8221;#FFFFFF&#8221; min_height=&#8221;580px&#8221; custom_padding=&#8221;49px|0px|29px|0px||&#8221; top_divider_color=&#8221;#ebcd3d&#8221; link_option_url=&#8221;kiralylovastanya.hu\/ajanlat1&#8243; global_colors_info=&#8221;{}&#8221;][et_pb_row column_structure=&#8221;1_2,1_2&#8243; _builder_version=&#8221;4.16&#8243; _module_preset=&#8221;default&#8221; background_enable_color=&#8221;off&#8221; link_option_url=&#8221;\/\/&#8221; global_colors_info=&#8221;{}&#8221;][et_pb_column type=&#8221;1_2&#8243; _builder_version=&#8221;4.16&#8243; _module_preset=&#8221;default&#8221; global_colors_info=&#8221;{}&#8221;][et_pb_text _builder_version=&#8221;4.16&#8243; _module_preset=&#8221;default&#8221; link_option_url=&#8221;\/\/&#8221; global_colors_info=&#8221;{}&#8221;]<\/p>\n<h1><strong>Esk\u00fcv\u0151 &#8211; Egy feledhetetlen nap csod\u00e1s k\u00f6rnyezetben!<\/strong><\/h1>\n<p>Sz\u00edvesen t\u00f6lten\u00e9d a nagy napot egy nem h\u00e9tk\u00f6znapi, rusztikus k\u00f6rnyezeteben, t\u00e1vol a zajos v\u00e1rost\u00f3l, ak\u00e1r egy teljes h\u00e9tv\u00e9g\u00e9s kikapcsol\u00f3d\u00e1ssal \u00f6sszek\u00f6tve? A Lovastanya kiv\u00e1l\u00f3 rendezv\u00e9nyhelysz\u00edn. Biztos\u00edtjuk a cateringet, a vintage \u00e9rz\u00e9st \u00e9s \u00e1llunk mindenben rendelkez\u00e9setekre!<\/p>\n<p>&nbsp;<\/p>\n<p>[\/et_pb_text][\/et_pb_column][et_pb_column type=&#8221;1_2&#8243; _builder_version=&#8221;4.16&#8243; _module_preset=&#8221;default&#8221; global_colors_info=&#8221;{}&#8221;][et_pb_gallery gallery_ids=&#8221;41,1022,2092,1023,1024&#8243; show_title_and_caption=&#8221;off&#8221; show_pagination=&#8221;off&#8221; _builder_version=&#8221;4.25.0&#8243; _module_preset=&#8221;default&#8221; hover_enabled=&#8221;0&#8243; global_colors_info=&#8221;{}&#8221; sticky_enabled=&#8221;0&#8243;][\/et_pb_gallery][\/et_pb_column][\/et_pb_row][et_pb_row _builder_version=&#8221;4.24.2&#8243; _module_preset=&#8221;default&#8221; global_colors_info=&#8221;{}&#8221;][et_pb_column type=&#8221;4_4&#8243; _builder_version=&#8221;4.24.2&#8243; _module_preset=&#8221;default&#8221; global_colors_info=&#8221;{}&#8221;][et_pb_button button_url=&#8221;#anchor-2&#8243; button_text=&#8221;Aj\u00e1nlatk\u00e9r\u00e9s&#8221; _builder_version=&#8221;4.24.2&#8243; _module_preset=&#8221;default&#8221; global_colors_info=&#8221;{}&#8221;][\/et_pb_button][\/et_pb_column][\/et_pb_row][et_pb_row column_structure=&#8221;1_2,1_2&#8243; _builder_version=&#8221;4.16&#8243; _module_preset=&#8221;default&#8221; background_enable_color=&#8221;off&#8221; min_height=&#8221;501px&#8221; custom_margin=&#8221;|auto|-53px|auto||&#8221; custom_padding=&#8221;||0px|||&#8221; link_option_url=&#8221;\/\/&#8221; global_colors_info=&#8221;{}&#8221;][et_pb_column type=&#8221;1_2&#8243; _builder_version=&#8221;4.16&#8243; _module_preset=&#8221;default&#8221; global_colors_info=&#8221;{}&#8221;][et_pb_text module_id=&#8221;csapaepito&#8221; _builder_version=&#8221;4.16&#8243; _module_preset=&#8221;default&#8221; link_option_url=&#8221;\/\/&#8221; global_colors_info=&#8221;{}&#8221;]<\/p>\n<h1><strong>Csapat\u00e9p\u00edt\u0151\u00a0<\/strong><\/h1>\n<p><strong><\/strong><\/p>\n<p><span>El\u00e9g volt a m\u00f3kusker\u00e9kb\u0151l \u00e9s a ny\u00fczsg\u0151 nagyv\u00e1rosb\u00f3l? Lecser\u00e9ln\u00e9tek a koll\u00e9g\u00e1kkal a stresszes h\u00e9tk\u00f6znapokat \u00e9s a hossz\u00fa megbesz\u00e9l\u00e9seket? Ha igazi felt\u00f6lt\u0151d\u00e9st kerestek, akkor ir\u00e1ny a Kir\u00e1ly Lovastanya, <\/span><span>ahol a term\u00e9szet l\u00e1gy \u00f6l\u00e9n\u00a0 bogr\u00e1csozhattok, finom borokat k\u00f3stolhattok, lovalgolhattok vagy wellnesselhettek!\u00a0<\/span><\/p>\n<p><strong><\/strong><\/p>\n<p>[\/et_pb_text][et_pb_tabs _builder_version=&#8221;4.25.0&#8243; _module_preset=&#8221;default&#8221; custom_margin=&#8221;||-57px|||&#8221; link_option_url=&#8221;\/\/&#8221; global_colors_info=&#8221;{}&#8221;][et_pb_tab title=&#8221;R\u00e9szletek&#8221; _builder_version=&#8221;4.16&#8243; _module_preset=&#8221;default&#8221; link_option_url=&#8221;\/\/&#8221; global_colors_info=&#8221;{}&#8221;]<\/p>\n<p>Sz\u00e1ll\u00e1s lehet\u0151s\u00e9g\u00a0 ak\u00e1r 50 f\u0151ig, wellnes, grillez\u00e9si vagy bogr\u00e1csoz\u00e1si lehet\u0151s\u00e9g \u00e9s szabadid\u0151s programok: asztali tenisz, csocs\u00f3, football, bili\u00e1rd, medence, lovagl\u00e1s szakk\u00e9pzett oktat\u00f3val \u00e9s s\u00e9takocsik\u00e1z\u00e1s.<\/p>\n<ul><\/ul>\n<p>[\/et_pb_tab][et_pb_tab title=&#8221;\u00c1rak&#8221; _builder_version=&#8221;4.25.0&#8243; _module_preset=&#8221;default&#8221; link_option_url=&#8221;\/\/&#8221; global_colors_info=&#8221;{}&#8221;]<\/p>\n<p><strong>Program d\u00edja<\/strong>: 2.800 Ft \/ f\u0151 \/ minden megkezdett nap<\/p>\n<p><span><strong>Sv\u00e9dasztalos reggeli:<\/strong>\u00a0<\/span><span>3.2<\/span>00 Ft \/ f\u0151 \/ nap<\/p>\n<p><strong>Men\u00fc eb\u00e9d:\u00a0<\/strong>4.300 Ft \/ f\u0151 \/ nap<\/p>\n<p><strong>Men\u00fc vacsora:<\/strong>\u00a04.300 Ft \/ f\u0151 \/ nap\u00a0\u00a0<\/p>\n<p>[\/et_pb_tab][\/et_pb_tabs][\/et_pb_column][et_pb_column type=&#8221;1_2&#8243; _builder_version=&#8221;4.16&#8243; _module_preset=&#8221;default&#8221; global_colors_info=&#8221;{}&#8221;][et_pb_gallery gallery_ids=&#8221;679,509,704,1082&#8243; show_title_and_caption=&#8221;off&#8221; show_pagination=&#8221;off&#8221; _builder_version=&#8221;4.16&#8243; _module_preset=&#8221;default&#8221; width=&#8221;100%&#8221; min_height=&#8221;454px&#8221; custom_padding=&#8221;||0px|||&#8221; global_colors_info=&#8221;{}&#8221;][\/et_pb_gallery][\/et_pb_column][\/et_pb_row][et_pb_row _builder_version=&#8221;4.24.2&#8243; _module_preset=&#8221;default&#8221; global_colors_info=&#8221;{}&#8221;][et_pb_column type=&#8221;4_4&#8243; _builder_version=&#8221;4.24.2&#8243; _module_preset=&#8221;default&#8221; global_colors_info=&#8221;{}&#8221;][et_pb_button button_url=&#8221;#anchor-2&#8243; button_text=&#8221;Aj\u00e1nlatk\u00e9r\u00e9s&#8221; _builder_version=&#8221;4.24.2&#8243; _module_preset=&#8221;default&#8221; global_colors_info=&#8221;{}&#8221;][\/et_pb_button][\/et_pb_column][\/et_pb_row][\/et_pb_section][et_pb_section fb_built=&#8221;1&#8243; _builder_version=&#8221;4.16&#8243; background_color=&#8221;#FFFFFF&#8221; custom_padding=&#8221;40px|0px|23px|0px||&#8221; top_divider_color=&#8221;#ebcd3d&#8221; link_option_url=&#8221;kiralylovastanya.hu\/ajanlat1&#8243; global_colors_info=&#8221;{}&#8221;][\/et_pb_section][et_pb_section fb_built=&#8221;1&#8243; fullwidth=&#8221;on&#8221; _builder_version=&#8221;4.16&#8243; _module_preset=&#8221;default&#8221; custom_margin=&#8221;27px|||||&#8221; global_colors_info=&#8221;{}&#8221;][et_pb_fullwidth_slider use_bg_overlay=&#8221;on&#8221; bg_overlay_color=&#8221;rgba(0,0,0,0)&#8221; use_text_overlay=&#8221;off&#8221; module_id=&#8221;szabadulasasulitol&#8221; _builder_version=&#8221;4.16&#8243; _module_preset=&#8221;default&#8221; background_image=&#8221;http:\/\/kiralylovastanya.hu\/wp-content\/uploads\/2020\/10\/shutterstock_216868948.jpg&#8221; custom_margin=&#8221;-28px|||||&#8221; custom_padding=&#8221;||204px|||&#8221; text_shadow_style=&#8221;preset1&#8243; text_shadow_blur_strength=&#8221;0.15em&#8221; global_colors_info=&#8221;{}&#8221;][et_pb_slide _builder_version=&#8221;4.16&#8243; _module_preset=&#8221;default&#8221; header_level=&#8221;h1&#8243; header_font=&#8221;Montserrat||||||||&#8221; body_font=&#8221;Montserrat||||||||&#8221; global_colors_info=&#8221;{}&#8221; sticky_transition=&#8221;on&#8221;][\/et_pb_slide][\/et_pb_fullwidth_slider][\/et_pb_section][et_pb_section fb_built=&#8221;1&#8243; _builder_version=&#8221;4.16&#8243; background_color=&#8221;#FFFFFF&#8221; custom_padding=&#8221;49px|0px|0px|0px||&#8221; top_divider_color=&#8221;#ebcd3d&#8221; link_option_url=&#8221;kiralylovastanya.hu\/ajanlat1&#8243; global_colors_info=&#8221;{}&#8221;][et_pb_row column_structure=&#8221;1_2,1_2&#8243; _builder_version=&#8221;4.16&#8243; _module_preset=&#8221;default&#8221; background_enable_color=&#8221;off&#8221; link_option_url=&#8221;\/\/&#8221; global_colors_info=&#8221;{}&#8221;][et_pb_column type=&#8221;1_2&#8243; _builder_version=&#8221;4.16&#8243; _module_preset=&#8221;default&#8221; global_colors_info=&#8221;{}&#8221;][et_pb_text _builder_version=&#8221;4.16&#8243; _module_preset=&#8221;default&#8221; link_option_url=&#8221;\/\/&#8221; global_colors_info=&#8221;{}&#8221;]<\/p>\n<h1><strong>Szabadul\u00e1s a sulit\u00f3l!<\/strong><\/h1>\n<p>Oszt\u00e1lykir\u00e1ndul\u00e1saink hossz\u00fa \u00e9vek \u00f3ta kiemelked\u0151en nagy n\u00e9pszer\u0171s\u00e9gnek \u00f6rvendenek, hiszen tartalmas, akt\u00edv \u00e9s term\u00e9szetk\u00f6zeli kikapcsol\u00f3d\u00e1si- \u00e9s tanul\u00e1si lehet\u0151s\u00e9get k\u00edn\u00e1lunk a gyermekeknek.<\/p>\n<p>A k\u00f6rny\u00e9ken sok sz\u00e9p t\u00fara\u00fatvonal tal\u00e1lhat\u00f3, de szervezett kir\u00e1ndul\u00e1saink keret\u00e9n bel\u00fcl a helyi kult\u00far\u00e1t, legend\u00e1s helyeket is megismerhetitek &#8211; ak\u00e1r lovaskocsik\u00e1z\u00e1s k\u00f6zben is.<\/p>\n<p>A k\u00f6zvetlen szomsz\u00e9ds\u00e1gban 5000 hekt\u00e1rnyi h\u00e1bor\u00edtatlan erd\u0151 tal\u00e1lhat\u00f3, ahol egy kiad\u00f3s t\u00fara sor\u00e1n megtekinthetitek a h\u00edres \u0151sbor\u00f3k\u00e1st, \u00e9s az \u00e1rval\u00e1nyhajban gazdag k\u00f6rnyezetet.<\/p>\n<p><span style=\"font-size: 14px;\">A tanya ter\u00fclet\u00e9n focip\u00e1lya, r\u00f6pladbap\u00e1lya, tenisz v\u00e1rja a csapatokat, az itt tal\u00e1lhat\u00f3 kis h\u00e1zi\u00e1llat-udvar pedig nem csak \u00e9rdekess\u00e9gk\u00e9nt szolg\u00e1l, de tanul\u00e1si lehet\u0151s\u00e9get is biztos\u00edt.<\/span><\/p>\n<p>[\/et_pb_text][et_pb_tabs _builder_version=&#8221;4.25.0&#8243; _module_preset=&#8221;default&#8221; link_option_url=&#8221;\/\/&#8221; global_colors_info=&#8221;{}&#8221;][et_pb_tab title=&#8221;R\u00e9szletek&#8221; _builder_version=&#8221;4.25.0&#8243; _module_preset=&#8221;default&#8221; link_option_url=&#8221;\/\/&#8221; global_colors_info=&#8221;{}&#8221;]<\/p>\n<div><span>Az elhelyez\u00e9s a panzi\u00f3 r\u00e9szben\u00a0<\/span><span>2-3-4-6 \u00e1gyas szob\u00e1kban<\/span><span>\u00a0t\u00f6rt\u00e9nik, \u00e1gynem\u0171t, t\u00f6r\u00fclk\u00f6z\u0151t biztos\u00edtunk. A ny\u00e1ri sz\u00e1ll\u00e1son 8 szem\u00e9lyes, emeletes \u00e1gyas szob\u00e1k, k\u00f6z\u00f6s f\u00fcrd\u0151vel is v\u00e1laszthat\u00f3k.<\/span><\/div>\n<div><span>Napi h\u00e1romszori \u00e9tkez\u00e9s alkalm\u00e1val h\u00e1zias \u00e9teleket k\u00e9sz\u00edt\u00fcnk, \u00fcgyelve a gyermekek ig\u00e9nyeire.\u00a0<\/span><\/div>\n<div><span>A k\u00eds\u00e9r\u0151k ell\u00e1t\u00e1sa, programjaik \u00e9s sz\u00e1ll\u00e1suk minden 10 tanul\u00f3 ut\u00e1n 1 f\u0151nek ingyenes.<\/span><\/div>\n<p>[\/et_pb_tab][et_pb_tab title=&#8221;\u00c1rak&#8221; _builder_version=&#8221;4.25.0&#8243; _module_preset=&#8221;default&#8221; link_option_url=&#8221;\/\/&#8221; global_colors_info=&#8221;{}&#8221;]<\/p>\n<p><strong>Sz\u00e1ll\u00e1s<\/strong>: a ny\u00e1ri sz\u00e1ll\u00e1son:5.000 Ft\/f\u0151\/\u00e9j<\/p>\n<p>A panzi\u00f3ban: 8.000 Ft\/f\u0151\/\u00e9j<\/p>\n<p><strong>Napi programd\u00edj<\/strong>: 2.800 Ft\/f\u0151\/minden megkezdett nap<\/p>\n<div><strong>\u00c1ltal\u00e1nos iskol\u00e1soknak:<\/strong><br \/>Reggeli: 1.800 Ft\/f\u0151<br \/>Eb\u00e9d: 2.300 Ft\/f\u0151<br \/>Vacsora: 1.800 Ft\/f\u0151<br \/><strong>K\u00f6z\u00e9piskol\u00e1soknak:<\/strong><br \/>Reggeli: 2.300 Ft\/f\u0151<br \/>Eb\u00e9d: 3.300 Ft\/f\u0151<br \/>Vacsora: 2.300 Ft\/f\u0151<\/div>\n<p>&nbsp;<\/p>\n<p>[\/et_pb_tab][\/et_pb_tabs][\/et_pb_column][et_pb_column type=&#8221;1_2&#8243; _builder_version=&#8221;4.16&#8243; _module_preset=&#8221;default&#8221; global_colors_info=&#8221;{}&#8221;][et_pb_gallery gallery_ids=&#8221;702,703,704,695,876&#8243; show_title_and_caption=&#8221;off&#8221; show_pagination=&#8221;off&#8221; _builder_version=&#8221;4.16&#8243; _module_preset=&#8221;default&#8221; global_colors_info=&#8221;{}&#8221;][\/et_pb_gallery][\/et_pb_column][\/et_pb_row][et_pb_row _builder_version=&#8221;4.24.2&#8243; _module_preset=&#8221;default&#8221; global_colors_info=&#8221;{}&#8221;][et_pb_column type=&#8221;4_4&#8243; _builder_version=&#8221;4.24.2&#8243; _module_preset=&#8221;default&#8221; global_colors_info=&#8221;{}&#8221;][et_pb_button button_url=&#8221;#anchor-2&#8243; button_text=&#8221;Aj\u00e1nlatk\u00e9r\u00e9s&#8221; _builder_version=&#8221;4.24.2&#8243; _module_preset=&#8221;default&#8221; global_colors_info=&#8221;{}&#8221;][\/et_pb_button][\/et_pb_column][\/et_pb_row][\/et_pb_section][et_pb_section fb_built=&#8221;1&#8243; _builder_version=&#8221;4.24.2&#8243; _module_preset=&#8221;default&#8221; background_enable_color=&#8221;off&#8221; background_image=&#8221;http:\/\/kiralylovastanya.hu\/wp-content\/uploads\/2020\/08\/shutterstock_216424180.jpg&#8221; custom_padding=&#8221;100px||100px|||&#8221; global_colors_info=&#8221;{}&#8221;][et_pb_row module_id=&#8221;anchor-2&#8243; _builder_version=&#8221;4.24.2&#8243; _module_preset=&#8221;default&#8221; background_color=&#8221;#242424&#8243; width=&#8221;78.1%&#8221; min_height=&#8221;124.8px&#8221; custom_padding=&#8221;||0px|||&#8221; global_colors_info=&#8221;{}&#8221;][et_pb_column type=&#8221;4_4&#8243; _builder_version=&#8221;4.16&#8243; _module_preset=&#8221;default&#8221; global_colors_info=&#8221;{}&#8221;][et_pb_text _builder_version=&#8221;4.16&#8243; _module_preset=&#8221;default&#8221; text_text_color=&#8221;#FFFFFF&#8221; header_font=&#8221;Montserrat||||||||&#8221; header_text_align=&#8221;center&#8221; header_text_color=&#8221;#FFFFFF&#8221; custom_margin=&#8221;||-4px|||&#8221; global_colors_info=&#8221;{}&#8221;]<\/p>\n<h1>K\u00e9rj szem\u00e9lyre szabott aj\u00e1nlatot!<\/h1>\n<p>[\/et_pb_text][et_pb_text _builder_version=&#8221;4.16&#8243; _module_preset=&#8221;default&#8221; text_font=&#8221;Montserrat||||||||&#8221; text_text_color=&#8221;#FFFFFF&#8221; text_font_size=&#8221;19px&#8221; header_text_align=&#8221;center&#8221; header_text_color=&#8221;#FFFFFF&#8221; custom_margin=&#8221;||-4px|||&#8221; custom_padding=&#8221;10px||9px|||&#8221; global_colors_info=&#8221;{}&#8221;]<\/p>\n<p style=\"text-align: center;\">\u00cdrd meg nek\u00fcnk ig\u00e9nyeiteket, \u00e9s mi \u00f6ssze\u00e1ll\u00edtunk egy csomagot! <\/p>\n<p>[\/et_pb_text][\/et_pb_column][\/et_pb_row][et_pb_row _builder_version=&#8221;4.16&#8243; _module_preset=&#8221;default&#8221; background_color=&#8221;#242424&#8243; width=&#8221;78.1%&#8221; min_height=&#8221;385.1px&#8221; custom_margin=&#8221;|auto|1px|auto||&#8221; custom_padding=&#8221;0px||0px|||&#8221; global_colors_info=&#8221;{}&#8221;][et_pb_column type=&#8221;4_4&#8243; _builder_version=&#8221;4.16&#8243; _module_preset=&#8221;default&#8221; global_colors_info=&#8221;{}&#8221;][et_pb_text _builder_version=&#8221;4.23&#8243; _module_preset=&#8221;default&#8221; text_font=&#8221;Montserrat||||||||&#8221; text_text_color=&#8221;#FFFFFF&#8221; text_font_size=&#8221;19px&#8221; header_text_align=&#8221;center&#8221; header_text_color=&#8221;#FFFFFF&#8221; custom_margin=&#8221;||-4px|||&#8221; custom_padding=&#8221;10px||42px|||&#8221; global_colors_info=&#8221;{}&#8221;]<\/p>\n<p style=\"text-align: center;\">\n<p style=\"text-align: center;\">Telefon: <span>+36 30 627 0744<\/span><\/p>\n<p style=\"text-align: center;\">Email c\u00edm:<span>\u00a0<\/span><a href=\"mailto:kiraly@kiralylovastanya.hu\" target=\"_blank\" rel=\"noopener\">kiraly@kiralylovastanya.hu<\/a><\/p>\n<p>[\/et_pb_text][et_pb_text _builder_version=&#8221;4.23&#8243; _module_preset=&#8221;default&#8221; text_font=&#8221;Montserrat||||||||&#8221; text_text_color=&#8221;#FFFFFF&#8221; text_font_size=&#8221;19px&#8221; header_text_align=&#8221;center&#8221; header_text_color=&#8221;#FFFFFF&#8221; custom_margin=&#8221;||-4px|||&#8221; custom_padding=&#8221;10px||9px|||&#8221; global_colors_info=&#8221;{}&#8221;]<\/p>\n<h1 style=\"text-align: center;\">K\u00f6vess minket a Facebookon \u00e9s <br \/>az Instagramon!<\/h1>\n<p>[\/et_pb_text][et_pb_social_media_follow icon_color=&#8221;#ebcd3d&#8221; _builder_version=&#8221;4.16&#8243; text_orientation=&#8221;center&#8221; custom_margin=&#8221;||-15px|||&#8221; custom_padding=&#8221;8px||0px|||&#8221; border_radii=&#8221;on|100px|100px|100px|100px&#8221; box_shadow_style=&#8221;preset3&#8243; box_shadow_vertical=&#8221;10px&#8221; box_shadow_blur=&#8221;20px&#8221; box_shadow_spread=&#8221;0px&#8221; box_shadow_color=&#8221;rgba(0,0,0,0.1)&#8221; locked=&#8221;off&#8221; global_colors_info=&#8221;{}&#8221;][et_pb_social_media_follow_network social_network=&#8221;facebook&#8221; url=&#8221;https:\/\/www.facebook.com\/profile.php?id=100057240386766&#8243; icon_color=&#8221;#ebcd3d&#8221; _builder_version=&#8221;4.16&#8243; background_color=&#8221;#ffffff&#8221; background_enable_color=&#8221;on&#8221; custom_margin=&#8221;|10px||10px|false|true&#8221; custom_padding=&#8221;10px|10px|10px|10px|true|true&#8221; global_colors_info=&#8221;{}&#8221; follow_button=&#8221;off&#8221; url_new_window=&#8221;on&#8221;]facebook[\/et_pb_social_media_follow_network][et_pb_social_media_follow_network social_network=&#8221;instagram&#8221; url=&#8221;https:\/\/l.facebook.com\/l.php?u=https%3A%2F%2Finstagram.com%2Fkiralylovastanya%3Futm_medium%3Dcopy_link%26fbclid%3DIwAR1GbAgz6ypz9yvg1EP2iqXEDp8RZAc8B85F2gsReYeuRlRPxfrp5aWT-Bo&#038;h=AT26pCej_0-bBzksVmQpFsFt5Cpy0BkdyL_cxRAEBxzDmf-HeFuNzx_wOvkjr8vvfwnT27Ml5ZyRDgR4GksYeSPNQHJGchv84oRh7ArerQ-HleD41NRecDhwRtRBE30pvkbSPQ&#8221; _builder_version=&#8221;4.16&#8243; background_color=&#8221;#ffffff&#8221; background_enable_color=&#8221;on&#8221; custom_margin=&#8221;|10px||10px|false|true&#8221; custom_padding=&#8221;10px|10px|10px|10px|true|true&#8221; global_colors_info=&#8221;{}&#8221; follow_button=&#8221;off&#8221; url_new_window=&#8221;on&#8221;]instagram[\/et_pb_social_media_follow_network][\/et_pb_social_media_follow][\/et_pb_column][\/et_pb_row][\/et_pb_section]<\/p>\n","protected":false},"excerpt":{"rendered":"<p>Esk\u00fcv\u0151 &#8211; Egy feledhetetlen nap csod\u00e1s k\u00f6rnyezetben! Sz\u00edvesen t\u00f6lten\u00e9d a nagy napot egy nem h\u00e9tk\u00f6znapi, rusztikus k\u00f6rnyezeteben, t\u00e1vol a zajos v\u00e1rost\u00f3l, ak\u00e1r egy teljes h\u00e9tv\u00e9g\u00e9s kikapcsol\u00f3d\u00e1ssal \u00f6sszek\u00f6tve? A Lovastanya kiv\u00e1l\u00f3 rendezv\u00e9nyhelysz\u00edn. Biztos\u00edtjuk a cateringet, a vintage \u00e9rz\u00e9st \u00e9s \u00e1llunk mindenben rendelkez\u00e9setekre! &nbsp;Csapat\u00e9p\u00edt\u0151\u00a0 El\u00e9g volt a m\u00f3kusker\u00e9kb\u0151l \u00e9s a ny\u00fczsg\u0151 nagyv\u00e1rosb\u00f3l? Lecser\u00e9ln\u00e9tek a koll\u00e9g\u00e1kkal a stresszes [&hellip;]<\/p>\n","protected":false},"author":1,"featured_media":0,"parent":0,"menu_order":0,"comment_status":"closed","ping_status":"closed","template":"","meta":{"_et_pb_use_builder":"on","_et_pb_old_content":"","_et_gb_content_width":"","footnotes":""},"class_list":["post-782","page","type-page","status-publish","hentry"],"_links":{"self":[{"href":"https:\/\/kiralylovastanya.hu\/index.php?rest_route=\/wp\/v2\/pages\/782","targetHints":{"allow":["GET"]}}],"collection":[{"href":"https:\/\/kiralylovastanya.hu\/index.php?rest_route=\/wp\/v2\/pages"}],"about":[{"href":"https:\/\/kiralylovastanya.hu\/index.php?rest_route=\/wp\/v2\/types\/page"}],"author":[{"embeddable":true,"href":"https:\/\/kiralylovastanya.hu\/index.php?rest_route=\/wp\/v2\/users\/1"}],"replies":[{"embeddable":true,"href":"https:\/\/kiralylovastanya.hu\/index.php?rest_route=%2Fwp%2Fv2%2Fcomments&post=782"}],"version-history":[{"count":80,"href":"https:\/\/kiralylovastanya.hu\/index.php?rest_route=\/wp\/v2\/pages\/782\/revisions"}],"predecessor-version":[{"id":2093,"href":"https:\/\/kiralylovastanya.hu\/index.php?rest_route=\/wp\/v2\/pages\/782\/revisions\/2093"}],"wp:attachment":[{"href":"https:\/\/kiralylovastanya.hu\/index.php?rest_route=%2Fwp%2Fv2%2Fmedia&parent=782"}],"curies":[{"name":"wp","href":"https:\/\/api.w.org\/{rel}","templated":true}]}}