{"id":795,"date":"2021-06-14T18:50:04","date_gmt":"2021-06-14T18:50:04","guid":{"rendered":"http:\/\/kiralylovastanya.hu\/?page_id=795"},"modified":"2024-04-29T22:06:43","modified_gmt":"2024-04-29T20:06:43","slug":"795-2","status":"publish","type":"page","link":"https:\/\/kiralylovastanya.hu\/?page_id=795","title":{"rendered":"Programok"},"content":{"rendered":"<p>[et_pb_section fb_built=&#8221;1&#8243; _builder_version=&#8221;4.16&#8243; _module_preset=&#8221;default&#8221; custom_padding=&#8221;9px||3px|||&#8221; global_colors_info=&#8221;{}&#8221;][et_pb_row _builder_version=&#8221;4.16&#8243; _module_preset=&#8221;default&#8221; custom_padding=&#8221;28px|||||&#8221; global_colors_info=&#8221;{}&#8221;][et_pb_column type=&#8221;4_4&#8243; _builder_version=&#8221;4.16&#8243; _module_preset=&#8221;default&#8221; global_colors_info=&#8221;{}&#8221;][et_pb_text _builder_version=&#8221;4.16&#8243; _module_preset=&#8221;default&#8221; header_2_font=&#8221;Montserrat||||||||&#8221; header_2_font_size=&#8221;50px&#8221; animation_style=&#8221;fade&#8221; border_color_all=&#8221;#000000&#8243; global_colors_info=&#8221;{}&#8221;]<\/p>\n<h2 style=\"text-align: center;\">Fakultat\u00edv program lehet\u0151s\u00e9geink!<\/h2>\n<p>[\/et_pb_text][\/et_pb_column][\/et_pb_row][\/et_pb_section][et_pb_section fb_built=&#8221;1&#8243; custom_padding_last_edited=&#8221;off|desktop&#8221; admin_label=&#8221;Szolg\u00e1ltat\u00e1sok&#8221; _builder_version=&#8221;4.16&#8243; background_enable_image=&#8221;off&#8221; background_size=&#8221;initial&#8221; custom_padding=&#8221;0px||109px||false|false&#8221; custom_padding_tablet=&#8221;0px||0px||true|false&#8221; bottom_divider_style=&#8221;mountains2&#8243; bottom_divider_color=&#8221;#ebcd3d&#8221; locked=&#8221;off&#8221; global_colors_info=&#8221;{}&#8221;][et_pb_row column_structure=&#8221;1_2,1_2&#8243; make_equal=&#8221;on&#8221; _builder_version=&#8221;4.16&#8243; custom_padding=&#8221;0px|||||&#8221; global_colors_info=&#8221;{}&#8221;][et_pb_column type=&#8221;1_2&#8243; _builder_version=&#8221;4.16&#8243; link_option_url=&#8221;http:\/\/kiralylovastanya.hu\/?page_id=93&#8243; global_colors_info=&#8221;{}&#8221;][et_pb_slider _builder_version=&#8221;4.16&#8243; _module_preset=&#8221;default&#8221; background_image=&#8221;http:\/\/kiralylovastanya.hu\/wp-content\/uploads\/2021\/04\/43371653_2024621440990525_473896516663115776_n-300&#215;300.jpg&#8221; min_height=&#8221;362px&#8221; global_colors_info=&#8221;{}&#8221;][et_pb_slide _builder_version=&#8221;4.16&#8243; _module_preset=&#8221;default&#8221; background_image=&#8221;http:\/\/kiralylovastanya.hu\/wp-content\/uploads\/2021\/06\/DSC4714.jpg&#8221; background_enable_image=&#8221;on&#8221; global_colors_info=&#8221;{}&#8221; sticky_transition=&#8221;on&#8221;][\/et_pb_slide][et_pb_slide _builder_version=&#8221;4.16&#8243; _module_preset=&#8221;default&#8221; background_image=&#8221;http:\/\/kiralylovastanya.hu\/wp-content\/uploads\/2021\/04\/43371653_2024621440990525_473896516663115776_n.jpg&#8221; background_enable_image=&#8221;on&#8221; global_colors_info=&#8221;{}&#8221; sticky_transition=&#8221;on&#8221;][\/et_pb_slide][et_pb_slide _builder_version=&#8221;4.16&#8243; _module_preset=&#8221;default&#8221; background_image=&#8221;http:\/\/kiralylovastanya.hu\/wp-content\/uploads\/2021\/06\/66358846_2442133022572696_3996099724670140416_n.jpg&#8221; background_enable_image=&#8221;on&#8221; global_colors_info=&#8221;{}&#8221; sticky_transition=&#8221;on&#8221;][\/et_pb_slide][\/et_pb_slider][et_pb_text _builder_version=&#8221;4.16&#8243; _module_preset=&#8221;default&#8221; text_text_color=&#8221;#ffffff&#8221; header_line_height=&#8221;1.8em&#8221; background_color=&#8221;#ebcd3d&#8221; background_layout=&#8221;dark&#8221; link_option_url=&#8221;#&#8221; global_colors_info=&#8221;{}&#8221;]<\/p>\n<h1 style=\"text-align: center;\"><strong>Lovas programok<\/strong><\/h1>\n<p>[\/et_pb_text][et_pb_text _builder_version=&#8221;4.16&#8243; _module_preset=&#8221;default&#8221; custom_margin=&#8221;0px|0px|0px||false|false&#8221; custom_padding=&#8221;20px|0px|60px|30px|false|false&#8221; border_width_all=&#8221;1px&#8221; border_color_all=&#8221;#bebebe&#8221; global_colors_info=&#8221;{}&#8221;]<\/p>\n<ul>\n<li>S\u00e9takocsik\u00e1z\u00e1s<\/li>\n<li>Lovagl\u00e1s terepen<\/li>\n<li>Lovagl\u00e1s kar\u00e1nban fut\u00f3sz\u00e1lon<\/li>\n<\/ul>\n<p>[\/et_pb_text][et_pb_slider _builder_version=&#8221;4.16&#8243; _module_preset=&#8221;default&#8221; background_image=&#8221;http:\/\/kiralylovastanya.hu\/wp-content\/uploads\/2021\/06\/Uj-projekt-1.png&#8221; min_height=&#8221;356px&#8221; custom_margin=&#8221;28px|||||&#8221; global_colors_info=&#8221;{}&#8221;][et_pb_slide _builder_version=&#8221;4.16&#8243; _module_preset=&#8221;default&#8221; background_image=&#8221;http:\/\/kiralylovastanya.hu\/wp-content\/uploads\/2021\/06\/53419609_2252852011500799_8678109871154921472_n.jpg&#8221; background_enable_image=&#8221;on&#8221; global_colors_info=&#8221;{}&#8221; sticky_transition=&#8221;on&#8221;][\/et_pb_slide][et_pb_slide _builder_version=&#8221;4.16&#8243; _module_preset=&#8221;default&#8221; background_image=&#8221;http:\/\/kiralylovastanya.hu\/wp-content\/uploads\/2021\/04\/52605689_2224016984384302_2456724471587799040_n.jpg&#8221; background_enable_image=&#8221;on&#8221; global_colors_info=&#8221;{}&#8221; sticky_transition=&#8221;on&#8221;][\/et_pb_slide][\/et_pb_slider][et_pb_text _builder_version=&#8221;4.16&#8243; _module_preset=&#8221;default&#8221; text_text_color=&#8221;#ffffff&#8221; header_line_height=&#8221;1.8em&#8221; background_color=&#8221;#ebcd3d&#8221; background_layout=&#8221;dark&#8221; link_option_url=&#8221;#&#8221; global_colors_info=&#8221;{}&#8221;]<\/p>\n<h1 style=\"text-align: center;\"><strong>Vad\u00e1szat<\/strong><\/h1>\n<p>[\/et_pb_text][et_pb_text _builder_version=&#8221;4.16&#8243; _module_preset=&#8221;default&#8221; custom_margin=&#8221;0px|0px|0px||false|false&#8221; custom_padding=&#8221;20px|30px|40px|30px|false|false&#8221; border_width_all=&#8221;1px&#8221; border_color_all=&#8221;#bebebe&#8221; global_colors_info=&#8221;{}&#8221;]<\/p>\n<p>A J\u00e1noshalmi Vad\u00e1szt\u00e1rsas\u00e1g 75 \u00e9ves m\u00faltra tekint vissza. Ter\u00fclet\u00e9t a Gemenci erd\u0151, a Haj\u00f3sszentgy\u00f6rgyi-, \u00e9s a Cs\u00e1sz\u00e1rt\u00f6lt\u00e9si erd\u00e9szet hat\u00e1rolja. Vad\u00e1szhat\u00f3 nagyvadfajok: g\u00edmszarvas, vaddiszn\u00f3 \u00e9s \u0151z, valamint az \u00e9vr\u0151l-\u00e9vre nagyobb egyedsz\u00e1mban jelenlev\u0151 d\u00e1mszarvas. A vad\u00e1szatot k\u00f6vet\u0151en lehet\u0151s\u00e9g van helyben bogr\u00e1csozni vagy ak\u00e1r grillezni is. R\u00e9szletek\u00e9rt, k\u00e9rjen aj\u00e1nlatot!<\/p>\n<p>[\/et_pb_text][\/et_pb_column][et_pb_column type=&#8221;1_2&#8243; _builder_version=&#8221;4.16&#8243; link_option_url=&#8221;http:\/\/kiralylovastanya.hu\/?page_id=93&#8243; global_colors_info=&#8221;{}&#8221;][et_pb_slider _builder_version=&#8221;4.16&#8243; _module_preset=&#8221;default&#8221; background_image=&#8221;http:\/\/kiralylovastanya.hu\/wp-content\/uploads\/2021\/06\/Uj-projekt.png&#8221; min_height=&#8221;364px&#8221; custom_padding=&#8221;0px||65px|||&#8221; global_colors_info=&#8221;{}&#8221;][et_pb_slide _builder_version=&#8221;4.16&#8243; _module_preset=&#8221;default&#8221; background_image=&#8221;http:\/\/kiralylovastanya.hu\/wp-content\/uploads\/2021\/06\/shutterstock_486675022.jpg&#8221; background_enable_image=&#8221;on&#8221; global_colors_info=&#8221;{}&#8221; sticky_transition=&#8221;on&#8221;][\/et_pb_slide][\/et_pb_slider][et_pb_text _builder_version=&#8221;4.16&#8243; _module_preset=&#8221;default&#8221; text_text_color=&#8221;#ffffff&#8221; header_line_height=&#8221;1.8em&#8221; background_color=&#8221;#ebcd3d&#8221; background_layout=&#8221;dark&#8221; link_option_url=&#8221;#&#8221; global_colors_info=&#8221;{}&#8221;]<\/p>\n<h1 style=\"text-align: center;\"><strong>Bork\u00f3stol\u00f3<\/strong><\/h1>\n<p>[\/et_pb_text][et_pb_text _builder_version=&#8221;4.16&#8243; _module_preset=&#8221;default&#8221; min_height=&#8221;177px&#8221; custom_margin=&#8221;0px|0px|0px||false|false&#8221; custom_padding=&#8221;20px|0px|10px|30px|false|false&#8221; border_width_all=&#8221;1px&#8221; border_color_all=&#8221;#bebebe&#8221; global_colors_info=&#8221;{}&#8221;]<\/p>\n<ul>\n<li>Koch Bor\u00e1szat<\/li>\n<li>Bodri Pinc\u00e9szet<\/li>\n<li>Heimann Csal\u00e1di Birtok<\/li>\n<li>D\u00fazsi Tam\u00e1s Bor\u00e1szat<\/li>\n<li>M\u00e9sz\u00e1ros P\u00e1l Borh\u00e1z \u00e9s Pince<\/li>\n<\/ul>\n<p>[\/et_pb_text][et_pb_slider _builder_version=&#8221;4.16&#8243; _module_preset=&#8221;default&#8221; background_image=&#8221;http:\/\/kiralylovastanya.hu\/wp-content\/uploads\/2021\/06\/Uj-projekt-2.png&#8221; min_height=&#8221;71px&#8221; custom_margin=&#8221;30px||||false|false&#8221; custom_padding=&#8221;66px||284px|||&#8221; global_colors_info=&#8221;{}&#8221;][et_pb_slide _builder_version=&#8221;4.16&#8243; _module_preset=&#8221;default&#8221; background_image=&#8221;http:\/\/kiralylovastanya.hu\/wp-content\/uploads\/2021\/06\/apponyi.jpg&#8221; background_enable_image=&#8221;on&#8221; global_colors_info=&#8221;{}&#8221; sticky_transition=&#8221;on&#8221;][\/et_pb_slide][et_pb_slide _builder_version=&#8221;4.16&#8243; _module_preset=&#8221;default&#8221; background_image=&#8221;http:\/\/kiralylovastanya.hu\/wp-content\/uploads\/2021\/06\/kiraly_erseki_hajos.jpg&#8221; background_enable_image=&#8221;on&#8221; global_colors_info=&#8221;{}&#8221; sticky_transition=&#8221;on&#8221;][\/et_pb_slide][et_pb_slide _builder_version=&#8221;4.16&#8243; _module_preset=&#8221;default&#8221; background_image=&#8221;http:\/\/kiralylovastanya.hu\/wp-content\/uploads\/2021\/06\/grassalkovich.jpg&#8221; background_enable_image=&#8221;on&#8221; global_colors_info=&#8221;{}&#8221; sticky_transition=&#8221;on&#8221;][\/et_pb_slide][et_pb_slide _builder_version=&#8221;4.16&#8243; _module_preset=&#8221;default&#8221; background_image=&#8221;http:\/\/kiralylovastanya.hu\/wp-content\/uploads\/2021\/06\/kiskunhalasi_csipkemuzeum.jpg&#8221; background_enable_image=&#8221;on&#8221; global_colors_info=&#8221;{}&#8221; sticky_transition=&#8221;on&#8221;][\/et_pb_slide][\/et_pb_slider][et_pb_text _builder_version=&#8221;4.16&#8243; _module_preset=&#8221;default&#8221; text_text_color=&#8221;#ffffff&#8221; header_line_height=&#8221;1.8em&#8221; background_color=&#8221;#ebcd3d&#8221; background_layout=&#8221;dark&#8221; link_option_url=&#8221;#&#8221; global_colors_info=&#8221;{}&#8221;]<\/p>\n<h1 style=\"text-align: center;\"><strong>Kast\u00e9lyl\u00e1togat\u00e1s<\/strong><\/h1>\n<p>[\/et_pb_text][et_pb_text _builder_version=&#8221;4.16&#8243; _module_preset=&#8221;default&#8221; min_height=&#8221;198px&#8221; custom_margin=&#8221;0px|0px|0px||false|false&#8221; custom_padding=&#8221;20px|0px|10px|30px|false|false&#8221; border_width_all=&#8221;1px&#8221; border_color_all=&#8221;#bebebe&#8221; global_colors_info=&#8221;{}&#8221;]<\/p>\n<ul>\n<li>\n<p>Haj\u00f3s \u00c9rseki Vad\u00e1szkast\u00e9ly<\/p>\n<\/li>\n<li>\n<p>Apponyi-K\u00faria P\u00e1lfa Fels\u0151r\u00e1cegres<\/p>\n<\/li>\n<li>\n<p>Grassalkovich-kast\u00e9ly<\/p>\n<\/li>\n<li>\n<p>Kiskunhalasi Csipkem\u00fazeum<\/p>\n<\/li>\n<\/ul>\n<p>[\/et_pb_text][\/et_pb_column][\/et_pb_row][\/et_pb_section][et_pb_section fb_built=&#8221;1&#8243; custom_padding_last_edited=&#8221;off|desktop&#8221; admin_label=&#8221;Footer&#8221; _builder_version=&#8221;4.16&#8243; use_background_color_gradient=&#8221;on&#8221; background_color_gradient_stops=&#8221;#eaeced 40%|rgba(255,255,255,0) 100%&#8221; background_color_gradient_overlays_image=&#8221;on&#8221; background_color_gradient_start=&#8221;#eaeced&#8221; background_color_gradient_start_position=&#8221;40%&#8221; background_color_gradient_end=&#8221;rgba(255,255,255,0)&#8221; background_image=&#8221;http:\/\/kiralylovastanya.hu\/wp-content\/uploads\/2020\/08\/shutterstock_216424180.jpg&#8221; background_position=&#8221;top_center&#8221; width=&#8221;100%&#8221; width_tablet=&#8221;100%&#8221; width_phone=&#8221;&#8221; width_last_edited=&#8221;on|tablet&#8221; module_alignment=&#8221;left&#8221; custom_margin=&#8221;|26px|100px||false|false&#8221; custom_margin_last_edited=&#8221;off|desktop&#8221; custom_padding=&#8221;|0px||10vw|false|false&#8221; module_alignment_tablet=&#8221;center&#8221; module_alignment_phone=&#8221;&#8221; module_alignment_last_edited=&#8221;on|tablet&#8221; locked=&#8221;off&#8221; global_colors_info=&#8221;{}&#8221;][et_pb_row module_id=&#8221;form&#8221; _builder_version=&#8221;4.16&#8243; _module_preset=&#8221;default&#8221; background_color=&#8221;#242424&#8243; custom_padding=&#8221;||0px|||&#8221; global_colors_info=&#8221;{}&#8221;][et_pb_column type=&#8221;4_4&#8243; _builder_version=&#8221;4.16&#8243; _module_preset=&#8221;default&#8221; global_colors_info=&#8221;{}&#8221;][et_pb_text _builder_version=&#8221;4.16&#8243; _module_preset=&#8221;default&#8221; text_text_color=&#8221;#FFFFFF&#8221; header_font=&#8221;Montserrat||||||||&#8221; header_text_align=&#8221;center&#8221; header_text_color=&#8221;#FFFFFF&#8221; custom_margin=&#8221;||-4px|||&#8221; global_colors_info=&#8221;{}&#8221;]<\/p>\n<h1>K\u00e9rj aj\u00e1nlatot!<\/h1>\n<p>[\/et_pb_text][et_pb_text _builder_version=&#8221;4.16&#8243; _module_preset=&#8221;default&#8221; text_font=&#8221;Montserrat||||||||&#8221; text_text_color=&#8221;#FFFFFF&#8221; text_font_size=&#8221;19px&#8221; header_text_align=&#8221;center&#8221; header_text_color=&#8221;#FFFFFF&#8221; min_height=&#8221;33.8px&#8221; custom_margin=&#8221;||-4px|||&#8221; custom_padding=&#8221;10px||9px|||&#8221; global_colors_info=&#8221;{}&#8221;][\/et_pb_text][\/et_pb_column][\/et_pb_row][et_pb_row _builder_version=&#8221;4.16&#8243; _module_preset=&#8221;default&#8221; background_color=&#8221;#242424&#8243; width=&#8221;78.1%&#8221; min_height=&#8221;415.1px&#8221; custom_padding=&#8221;0px||0px|||&#8221; global_colors_info=&#8221;{}&#8221;][et_pb_column type=&#8221;4_4&#8243; _builder_version=&#8221;4.16&#8243; _module_preset=&#8221;default&#8221; global_colors_info=&#8221;{}&#8221;][et_pb_text _builder_version=&#8221;4.23&#8243; _module_preset=&#8221;default&#8221; text_font=&#8221;Montserrat||||||||&#8221; text_text_color=&#8221;#FFFFFF&#8221; text_font_size=&#8221;19px&#8221; header_text_align=&#8221;center&#8221; header_text_color=&#8221;#FFFFFF&#8221; custom_margin=&#8221;||-4px|||&#8221; custom_padding=&#8221;10px||42px|||&#8221; global_colors_info=&#8221;{}&#8221;]<\/p>\n<p style=\"text-align: center;\">Telefon: <span>+36 30 627 0744<\/span><\/p>\n<p style=\"text-align: center;\">Email c\u00edm:<span>\u00a0<\/span><a href=\"mailto:kiraly@kiralylovastanya.hu\" target=\"_blank\" rel=\"noopener\">kiraly@kiralylovastanya.hu<\/a><\/p>\n<p>[\/et_pb_text][et_pb_text _builder_version=&#8221;4.23&#8243; _module_preset=&#8221;default&#8221; text_font=&#8221;Montserrat||||||||&#8221; text_text_color=&#8221;#FFFFFF&#8221; text_font_size=&#8221;19px&#8221; header_text_align=&#8221;center&#8221; header_text_color=&#8221;#FFFFFF&#8221; custom_margin=&#8221;||-4px|||&#8221; custom_padding=&#8221;10px||9px|||&#8221; global_colors_info=&#8221;{}&#8221;]<\/p>\n<h1 style=\"text-align: center;\">K\u00f6vess minket a Facebookon \u00e9s <br \/>az Instagramon!<\/h1>\n<p>[\/et_pb_text][et_pb_divider _builder_version=&#8221;4.16&#8243; _module_preset=&#8221;default&#8221; global_colors_info=&#8221;{}&#8221;][\/et_pb_divider][et_pb_social_media_follow icon_color=&#8221;#ebcd3d&#8221; _builder_version=&#8221;4.16&#8243; text_orientation=&#8221;center&#8221; custom_margin=&#8221;||-15px|||&#8221; custom_padding=&#8221;8px||0px|||&#8221; border_radii=&#8221;on|100px|100px|100px|100px&#8221; box_shadow_style=&#8221;preset3&#8243; box_shadow_vertical=&#8221;10px&#8221; box_shadow_blur=&#8221;20px&#8221; box_shadow_spread=&#8221;0px&#8221; box_shadow_color=&#8221;rgba(0,0,0,0.1)&#8221; locked=&#8221;off&#8221; global_colors_info=&#8221;{}&#8221;][et_pb_social_media_follow_network social_network=&#8221;facebook&#8221; url=&#8221;https:\/\/www.facebook.com\/profile.php?id=100057240386766&#8243; icon_color=&#8221;#ebcd3d&#8221; _builder_version=&#8221;4.16&#8243; background_color=&#8221;#ffffff&#8221; background_enable_color=&#8221;on&#8221; custom_margin=&#8221;|10px||10px|false|true&#8221; custom_padding=&#8221;10px|10px|10px|10px|true|true&#8221; global_colors_info=&#8221;{}&#8221; follow_button=&#8221;off&#8221; url_new_window=&#8221;on&#8221;]facebook[\/et_pb_social_media_follow_network][et_pb_social_media_follow_network social_network=&#8221;instagram&#8221; url=&#8221;https:\/\/l.facebook.com\/l.php?u=https%3A%2F%2Finstagram.com%2Fkiralylovastanya%3Futm_medium%3Dcopy_link%26fbclid%3DIwAR1GbAgz6ypz9yvg1EP2iqXEDp8RZAc8B85F2gsReYeuRlRPxfrp5aWT-Bo&#038;h=AT26pCej_0-bBzksVmQpFsFt5Cpy0BkdyL_cxRAEBxzDmf-HeFuNzx_wOvkjr8vvfwnT27Ml5ZyRDgR4GksYeSPNQHJGchv84oRh7ArerQ-HleD41NRecDhwRtRBE30pvkbSPQ&#8221; _builder_version=&#8221;4.16&#8243; background_color=&#8221;#ffffff&#8221; background_enable_color=&#8221;on&#8221; custom_margin=&#8221;|10px||10px|false|true&#8221; custom_padding=&#8221;10px|10px|10px|10px|true|true&#8221; global_colors_info=&#8221;{}&#8221; follow_button=&#8221;off&#8221; url_new_window=&#8221;on&#8221;]instagram[\/et_pb_social_media_follow_network][\/et_pb_social_media_follow][\/et_pb_column][\/et_pb_row][\/et_pb_section]<\/p>\n","protected":false},"excerpt":{"rendered":"<p>Fakultat\u00edv program lehet\u0151s\u00e9geink!Lovas programok S\u00e9takocsik\u00e1z\u00e1s Lovagl\u00e1s terepen Lovagl\u00e1s kar\u00e1nban fut\u00f3sz\u00e1lon Vad\u00e1szatA J\u00e1noshalmi Vad\u00e1szt\u00e1rsas\u00e1g 75 \u00e9ves m\u00faltra tekint vissza. Ter\u00fclet\u00e9t a Gemenci erd\u0151, a Haj\u00f3sszentgy\u00f6rgyi-, \u00e9s a Cs\u00e1sz\u00e1rt\u00f6lt\u00e9si erd\u00e9szet hat\u00e1rolja. Vad\u00e1szhat\u00f3 nagyvadfajok: g\u00edmszarvas, vaddiszn\u00f3 \u00e9s \u0151z, valamint az \u00e9vr\u0151l-\u00e9vre nagyobb egyedsz\u00e1mban jelenlev\u0151 d\u00e1mszarvas. A vad\u00e1szatot k\u00f6vet\u0151en lehet\u0151s\u00e9g van helyben bogr\u00e1csozni vagy ak\u00e1r grillezni is. R\u00e9szletek\u00e9rt, k\u00e9rjen [&hellip;]<\/p>\n","protected":false},"author":1,"featured_media":0,"parent":0,"menu_order":0,"comment_status":"closed","ping_status":"closed","template":"","meta":{"_et_pb_use_builder":"on","_et_pb_old_content":"","_et_gb_content_width":"","footnotes":""},"class_list":["post-795","page","type-page","status-publish","hentry"],"_links":{"self":[{"href":"https:\/\/kiralylovastanya.hu\/index.php?rest_route=\/wp\/v2\/pages\/795","targetHints":{"allow":["GET"]}}],"collection":[{"href":"https:\/\/kiralylovastanya.hu\/index.php?rest_route=\/wp\/v2\/pages"}],"about":[{"href":"https:\/\/kiralylovastanya.hu\/index.php?rest_route=\/wp\/v2\/types\/page"}],"author":[{"embeddable":true,"href":"https:\/\/kiralylovastanya.hu\/index.php?rest_route=\/wp\/v2\/users\/1"}],"replies":[{"embeddable":true,"href":"https:\/\/kiralylovastanya.hu\/index.php?rest_route=%2Fwp%2Fv2%2Fcomments&post=795"}],"version-history":[{"count":54,"href":"https:\/\/kiralylovastanya.hu\/index.php?rest_route=\/wp\/v2\/pages\/795\/revisions"}],"predecessor-version":[{"id":1540,"href":"https:\/\/kiralylovastanya.hu\/index.php?rest_route=\/wp\/v2\/pages\/795\/revisions\/1540"}],"wp:attachment":[{"href":"https:\/\/kiralylovastanya.hu\/index.php?rest_route=%2Fwp%2Fv2%2Fmedia&parent=795"}],"curies":[{"name":"wp","href":"https:\/\/api.w.org\/{rel}","templated":true}]}}