{"id":817,"date":"2021-06-14T19:49:33","date_gmt":"2021-06-14T19:49:33","guid":{"rendered":"http:\/\/kiralylovastanya.hu\/?page_id=817"},"modified":"2025-08-01T14:55:15","modified_gmt":"2025-08-01T12:55:15","slug":"szolgaltatasok-2-0","status":"publish","type":"page","link":"https:\/\/kiralylovastanya.hu\/?page_id=817","title":{"rendered":"Szolg\u00e1ltat\u00e1sok"},"content":{"rendered":"<p>[et_pb_section fb_built=&#8221;1&#8243; _builder_version=&#8221;4.16&#8243; _module_preset=&#8221;default&#8221; custom_padding=&#8221;9px||3px|||&#8221; global_colors_info=&#8221;{}&#8221;][et_pb_row _builder_version=&#8221;4.16&#8243; _module_preset=&#8221;default&#8221; custom_padding=&#8221;28px|||||&#8221; global_colors_info=&#8221;{}&#8221;][et_pb_column type=&#8221;4_4&#8243; _builder_version=&#8221;4.16&#8243; _module_preset=&#8221;default&#8221; global_colors_info=&#8221;{}&#8221;][et_pb_text _builder_version=&#8221;4.16&#8243; _module_preset=&#8221;default&#8221; header_2_font=&#8221;Montserrat||||||||&#8221; header_2_font_size=&#8221;50px&#8221; animation_style=&#8221;fade&#8221; border_color_all=&#8221;#000000&#8243; global_colors_info=&#8221;{}&#8221;]<\/p>\n<h2 style=\"text-align: center;\">Szolg\u00e1ltat\u00e1saink<\/h2>\n<p>[\/et_pb_text][\/et_pb_column][\/et_pb_row][\/et_pb_section][et_pb_section fb_built=&#8221;1&#8243; _builder_version=&#8221;4.16&#8243; _module_preset=&#8221;default&#8221; background_image=&#8221;http:\/\/kiralylovastanya.hu\/wp-content\/uploads\/2021\/06\/DSC4835.jpg&#8221; global_colors_info=&#8221;{}&#8221;][et_pb_row column_structure=&#8221;1_2,1_2&#8243; _builder_version=&#8221;4.16&#8243; _module_preset=&#8221;default&#8221; global_colors_info=&#8221;{}&#8221;][et_pb_column type=&#8221;1_2&#8243; _builder_version=&#8221;4.16&#8243; _module_preset=&#8221;default&#8221; global_colors_info=&#8221;{}&#8221;][et_pb_text _builder_version=&#8221;4.16&#8243; _module_preset=&#8221;default&#8221; text_text_color=&#8221;#ffffff&#8221; header_2_font=&#8221;|600|||||||&#8221; header_2_text_color=&#8221;#ffffff&#8221; background_color=&#8221;#ebcd3d&#8221; custom_margin=&#8221;0px||||false|false&#8221; custom_padding=&#8221;15px||15px|62px|false|false&#8221; global_colors_info=&#8221;{}&#8221;]<\/p>\n<h2>Felszerelts\u00e9g \u00e9s sz\u00e1ll\u00e1s<\/h2>\n<ul>\n<li>Soron k\u00edv\u00fcli be- \u00e9s kijelentkez\u00e9s<\/li>\n<li>Poggy\u00e1szmeg\u0151rz\u00e9s<\/li>\n<li>L\u00e9gkondicion\u00e1l\u00e1s<\/li>\n<li>Takar\u00edt\u00e1s naponta<\/li>\n<li>K\u00e1v\u00e9z\u00f3 &amp; \u00e9tterem<\/li>\n<li>K\u00f6z\u00f6s t\u00e1rsalg\u00f3<\/li>\n<li>T\u00e1rgyal\u00f3 \u00e9s rendezv\u00e9nyterem<\/li>\n<li>T\u00e9v\u00e9szoba<\/li>\n<li>Belt\u00e9ri medence<\/li>\n<li><span style=\"font-size: 14px;\">Grillez\u00e9si lehet\u0151s\u00e9g fel\u00e1r ellen\u00e9ben<\/span><\/li>\n<\/ul>\n<p>[\/et_pb_text][\/et_pb_column][et_pb_column type=&#8221;1_2&#8243; _builder_version=&#8221;4.16&#8243; _module_preset=&#8221;default&#8221; global_colors_info=&#8221;{}&#8221;][et_pb_text _builder_version=&#8221;4.16&#8243; _module_preset=&#8221;default&#8221; text_text_color=&#8221;#ffffff&#8221; header_2_font=&#8221;|600|||||||&#8221; header_2_text_color=&#8221;#ffffff&#8221; background_color=&#8221;#ebcd3d&#8221; custom_padding=&#8221;15px|50px|15px|55px|false|false&#8221; global_colors_info=&#8221;{}&#8221;]<\/p>\n<h2>H\u00e1zi kedvencek<\/h2>\n<ul>\n<li>H\u00e1zi\u00e1llatok el\u0151zetes egyeztet\u00e9s alapj\u00e1n 1500Ft\/f\u0151 \u00e1ron sz\u00e1ll\u00e1solhat\u00f3k el.<\/li>\n<\/ul>\n<h2>Internet<\/h2>\n<ul>\n<li>Ingyenes! A nyilv\u00e1nos helyis\u00e9gekben WiFi internet-hozz\u00e1f\u00e9r\u00e9s biztos\u00edtott, d\u00edjmentesen.<\/li>\n<\/ul>\n<h2>Parkol\u00e1s<\/h2>\n<ul>\n<li>Ingyenes! Ingyenes priv\u00e1t parkol\u00e1s lehets\u00e9ges a helysz\u00ednen (foglal\u00e1s sz\u00fcks\u00e9ges).<\/li>\n<\/ul>\n<p>[\/et_pb_text][\/et_pb_column][\/et_pb_row][\/et_pb_section][et_pb_section fb_built=&#8221;1&#8243; custom_padding_last_edited=&#8221;off|desktop&#8221; admin_label=&#8221;Szolg\u00e1ltat\u00e1sok&#8221; _builder_version=&#8221;4.16&#8243; background_enable_image=&#8221;off&#8221; background_size=&#8221;initial&#8221; min_height=&#8221;989px&#8221; custom_padding=&#8221;0px||||false|false&#8221; custom_padding_tablet=&#8221;0px||0px||true|false&#8221; bottom_divider_style=&#8221;mountains2&#8243; bottom_divider_color=&#8221;#ebcd3d&#8221; locked=&#8221;off&#8221; global_colors_info=&#8221;{}&#8221;][et_pb_row column_structure=&#8221;1_3,1_3,1_3&#8243; _builder_version=&#8221;4.16&#8243; _module_preset=&#8221;default&#8221; custom_margin=&#8221;|auto|40px|auto||&#8221; global_colors_info=&#8221;{}&#8221;][et_pb_column type=&#8221;1_3&#8243; _builder_version=&#8221;4.16&#8243; _module_preset=&#8221;default&#8221; global_colors_info=&#8221;{}&#8221;][et_pb_image src=&#8221;http:\/\/kiralylovastanya.hu\/wp-content\/uploads\/2021\/06\/Uj-projekt-3.png&#8221; title_text=&#8221;\u00daj projekt (3)&#8221; _builder_version=&#8221;4.16&#8243; _module_preset=&#8221;default&#8221; global_colors_info=&#8221;{}&#8221;][\/et_pb_image][et_pb_text _builder_version=&#8221;4.16&#8243; _module_preset=&#8221;default&#8221; header_text_align=&#8221;center&#8221; global_colors_info=&#8221;{}&#8221;]<\/p>\n<h1><strong>Wellness, szauna<\/strong><\/h1>\n<p>[\/et_pb_text][et_pb_text _builder_version=&#8221;4.16&#8243; _module_preset=&#8221;default&#8221; custom_padding=&#8221;|0px||72px|false|false&#8221; global_colors_info=&#8221;{}&#8221;]<\/p>\n<ul>\n<li>wellness<\/li>\n<li>szauna<\/li>\n<li>jakuzzi<\/li>\n<li>belt\u00e9ri medence<\/li>\n<li>massz\u00e1zsmedence<\/li>\n<\/ul>\n<p>[\/et_pb_text][\/et_pb_column][et_pb_column type=&#8221;1_3&#8243; _builder_version=&#8221;4.16&#8243; _module_preset=&#8221;default&#8221; global_colors_info=&#8221;{}&#8221;][et_pb_image src=&#8221;http:\/\/kiralylovastanya.hu\/wp-content\/uploads\/2021\/06\/shutterstock_292644041.jpg&#8221; alt=&#8221;Szabadid\u0151 Kir\u00e1ly Lovastanya&#8221; title_text=&#8221;Szabadid\u0151 Kir\u00e1ly Lovastanya&#8221; _builder_version=&#8221;4.16&#8243; _module_preset=&#8221;default&#8221; background_enable_image=&#8221;off&#8221; min_height=&#8221;300px&#8221; global_colors_info=&#8221;{}&#8221;][\/et_pb_image][et_pb_text _builder_version=&#8221;4.16&#8243; _module_preset=&#8221;default&#8221; global_colors_info=&#8221;{}&#8221;]<\/p>\n<h1 style=\"text-align: center;\"><strong>Szabadid\u0151 programok<\/strong><\/h1>\n<p>[\/et_pb_text][et_pb_text _builder_version=&#8221;4.16&#8243; _module_preset=&#8221;default&#8221; custom_padding=&#8221;|0px||72px|false|false&#8221; global_colors_info=&#8221;{}&#8221;]<\/p>\n<ul>\n<li>asztalitenisz<\/li>\n<li>bili\u00e1rd<\/li>\n<li>j\u00e1tsz\u00f3t\u00e9r<\/li>\n<li>teniszp\u00e1lya<\/li>\n<li>t\u00e1rsasj\u00e1t\u00e9kok, kirak\u00f3k<\/li>\n<li>foci<\/li>\n<\/ul>\n<p>[\/et_pb_text][\/et_pb_column][et_pb_column type=&#8221;1_3&#8243; _builder_version=&#8221;4.16&#8243; _module_preset=&#8221;default&#8221; global_colors_info=&#8221;{}&#8221;][et_pb_image src=&#8221;http:\/\/kiralylovastanya.hu\/wp-content\/uploads\/2021\/06\/Uj-projekt-5.png&#8221; title_text=&#8221;\u00daj projekt (5)&#8221; _builder_version=&#8221;4.16&#8243; _module_preset=&#8221;default&#8221; global_colors_info=&#8221;{}&#8221;][\/et_pb_image][et_pb_text _builder_version=&#8221;4.16&#8243; _module_preset=&#8221;default&#8221; global_colors_info=&#8221;{}&#8221;]<\/p>\n<h1 style=\"text-align: center;\"><strong>Lovagl\u00e1s<br \/> <\/strong><\/h1>\n<p>[\/et_pb_text][et_pb_text _builder_version=&#8221;4.16&#8243; _module_preset=&#8221;default&#8221; custom_padding=&#8221;|0px||72px|false|false&#8221; global_colors_info=&#8221;{}&#8221;]<\/p>\n<ul>\n<li>lovas oktat\u00e1s (szakk\u00e9pzett oktat\u00f3val)<\/li>\n<li>lovagl\u00e1s terepen<\/li>\n<li>lovagl\u00e1s kar\u00e1nban, fut\u00f3sz\u00e1ron<\/li>\n<li>s\u00e9takocsik\u00e1z\u00e1s<\/li>\n<\/ul>\n<p style=\"padding-left: 30px;\">[\/et_pb_text][\/et_pb_column][\/et_pb_row][et_pb_row _builder_version=&#8221;4.16&#8243; _module_preset=&#8221;default&#8221; background_color=&#8221;rgba(0,0,0,0)&#8221; use_background_color_gradient=&#8221;on&#8221; background_color_gradient_stops=&#8221;rgba(0,0,0,0) 0%|rgba(0,0,0,0) 100%&#8221; background_color_gradient_start=&#8221;rgba(0,0,0,0)&#8221; background_color_gradient_end=&#8221;rgba(0,0,0,0)&#8221; min_height=&#8221;46px&#8221; custom_margin=&#8221;|auto|106px|auto||&#8221; custom_padding=&#8221;0px|0px||0px|false|false&#8221; border_width_all=&#8221;2px&#8221; border_color_all=&#8221;#eccd3e&#8221; global_colors_info=&#8221;{}&#8221;][et_pb_column type=&#8221;4_4&#8243; _builder_version=&#8221;4.16&#8243; _module_preset=&#8221;default&#8221; global_colors_info=&#8221;{}&#8221;][et_pb_text _builder_version=&#8221;4.16&#8243; _module_preset=&#8221;default&#8221; text_text_color=&#8221;#333333&#8243; text_font_size=&#8221;22px&#8221; header_text_color=&#8221;#333333&#8243; background_color=&#8221;rgba(0,0,0,0)&#8221; use_background_color_gradient=&#8221;on&#8221; background_color_gradient_stops=&#8221;rgba(0,0,0,0) 0%|rgba(0,0,0,0) 100%&#8221; background_color_gradient_start=&#8221;rgba(0,0,0,0)&#8221; background_color_gradient_end=&#8221;rgba(0,0,0,0)&#8221; custom_margin=&#8221;20px|20px|20px|20px|false|false&#8221; custom_padding=&#8221;20px|20px|20px|20px|false|false&#8221; global_colors_info=&#8221;{}&#8221;]<\/p>\n<h2 style=\"text-align: center;\"><strong>Aj\u00e1nd\u00e9kozz \u00e9lm\u00e9nyt!<\/strong><\/h2>\n<p style=\"text-align: center;\">\u00a0<em>Val\u00f3di felt\u00f6lt\u0151d\u00e9ssel vagy kalanddal szeretn\u00e9d megaj\u00e1nd\u00e9kozni szeretteidet?<\/em><\/p>\n<p style=\"text-align: center;\">Keress minket bizalommal al\u00e1bbi\u00a0 el\u00e9rhet\u0151s\u00e9geink b\u00e1rmelyik\u00e9n, \u00e9s mi seg\u00edt\u00fcnk ak\u00e1r egyedi, szem\u00e9lyre szabott aj\u00e1nd\u00e9k csomagod \u00f6ssze\u00e1ll\u00edt\u00e1s\u00e1ban!\u00a0<\/p>\n<p>[\/et_pb_text][\/et_pb_column][\/et_pb_row][\/et_pb_section][et_pb_section fb_built=&#8221;1&#8243; _builder_version=&#8221;4.16&#8243; _module_preset=&#8221;default&#8221; min_height=&#8221;118px&#8221; custom_padding=&#8221;0px||0px|||&#8221; global_colors_info=&#8221;{}&#8221;][\/et_pb_section][et_pb_section fb_built=&#8221;1&#8243; custom_padding_last_edited=&#8221;off|desktop&#8221; admin_label=&#8221;Footer&#8221; _builder_version=&#8221;4.16&#8243; use_background_color_gradient=&#8221;on&#8221; background_color_gradient_stops=&#8221;#eaeced 40%|rgba(255,255,255,0) 100%&#8221; background_color_gradient_overlays_image=&#8221;on&#8221; background_color_gradient_start=&#8221;#eaeced&#8221; background_color_gradient_start_position=&#8221;40%&#8221; background_color_gradient_end=&#8221;rgba(255,255,255,0)&#8221; background_image=&#8221;http:\/\/kiralylovastanya.hu\/wp-content\/uploads\/2020\/08\/shutterstock_216424180.jpg&#8221; background_position=&#8221;top_center&#8221; width=&#8221;100%&#8221; width_tablet=&#8221;100%&#8221; width_phone=&#8221;&#8221; width_last_edited=&#8221;on|tablet&#8221; module_alignment=&#8221;left&#8221; min_height=&#8221;381.9px&#8221; custom_margin=&#8221;|26px|100px||false|false&#8221; custom_margin_last_edited=&#8221;off|desktop&#8221; custom_padding=&#8221;|0px||10vw|false|false&#8221; module_alignment_tablet=&#8221;center&#8221; module_alignment_phone=&#8221;&#8221; module_alignment_last_edited=&#8221;on|tablet&#8221; locked=&#8221;off&#8221; global_colors_info=&#8221;{}&#8221;][et_pb_row _builder_version=&#8221;4.16&#8243; _module_preset=&#8221;default&#8221; global_colors_info=&#8221;{}&#8221;][et_pb_column type=&#8221;4_4&#8243; _builder_version=&#8221;4.16&#8243; _module_preset=&#8221;default&#8221; global_colors_info=&#8221;{}&#8221;][et_pb_text _builder_version=&#8221;4.16&#8243; _module_preset=&#8221;default&#8221; text_font=&#8221;|600|||||||&#8221; text_text_color=&#8221;#000000&#8243; text_font_size=&#8221;48px&#8221; text_letter_spacing=&#8221;2px&#8221; global_colors_info=&#8221;{}&#8221;]<\/p>\n<p style=\"text-align: center;\"><strong>K\u00e9rd\u00e9sed van, keress minket bizalommal!<\/strong><\/p>\n<p>[\/et_pb_text][\/et_pb_column][\/et_pb_row][et_pb_row column_structure=&#8221;1_2,1_2&#8243; _builder_version=&#8221;4.16&#8243; max_width=&#8221;none&#8221; global_colors_info=&#8221;{}&#8221;][et_pb_column type=&#8221;1_2&#8243; _builder_version=&#8221;4.16&#8243; global_colors_info=&#8221;{}&#8221;][et_pb_text _builder_version=&#8221;4.16&#8243; text_font_size=&#8221;16px&#8221; text_line_height=&#8221;1.8em&#8221; header_font=&#8221;||||||||&#8221; header_2_font=&#8221;Montserrat||||||||&#8221; header_2_font_size=&#8221;20px&#8221; header_2_line_height=&#8221;1.8em&#8221; header_3_font=&#8221;Montserrat|700|||||||&#8221; header_3_font_size=&#8221;2vw&#8221; header_3_line_height=&#8221;1.2em&#8221; text_orientation=&#8221;center&#8221; max_width=&#8221;800px&#8221; module_alignment=&#8221;center&#8221; link_option_url=&#8221;#&#8221; text_font_size_tablet=&#8221;&#8221; text_font_size_phone=&#8221;16px&#8221; text_font_size_last_edited=&#8221;on|phone&#8221; header_3_font_size_tablet=&#8221;40px&#8221; header_3_font_size_phone=&#8221;26px&#8221; header_3_font_size_last_edited=&#8221;on|phone&#8221; locked=&#8221;off&#8221; global_colors_info=&#8221;{}&#8221;]<\/p>\n<h2>telefonsz\u00e1m<\/h2>\n<h3>+36 30 627 0744<\/h3>\n<p>[\/et_pb_text][\/et_pb_column][et_pb_column type=&#8221;1_2&#8243; _builder_version=&#8221;4.16&#8243; global_colors_info=&#8221;{}&#8221;][et_pb_text _builder_version=&#8221;4.16&#8243; text_font_size=&#8221;16px&#8221; text_line_height=&#8221;1.8em&#8221; header_font=&#8221;||||||||&#8221; header_2_font=&#8221;Montserrat||||||||&#8221; header_2_font_size=&#8221;20px&#8221; header_2_line_height=&#8221;1.8em&#8221; header_3_font=&#8221;Montserrat|700|||||||&#8221; header_3_font_size=&#8221;2vw&#8221; header_3_line_height=&#8221;1.2em&#8221; text_orientation=&#8221;center&#8221; max_width=&#8221;800px&#8221; module_alignment=&#8221;center&#8221; link_option_url=&#8221;#&#8221; text_font_size_tablet=&#8221;&#8221; text_font_size_phone=&#8221;16px&#8221; text_font_size_last_edited=&#8221;on|phone&#8221; header_3_font_size_tablet=&#8221;40px&#8221; header_3_font_size_phone=&#8221;26px&#8221; header_3_font_size_last_edited=&#8221;on|phone&#8221; locked=&#8221;off&#8221; global_colors_info=&#8221;{}&#8221; header_2_3_font_size_tablet=&#8221;40px&#8221; header_3_3_font_size_tablet=&#8221;40px&#8221; header_4_3_font_size_tablet=&#8221;40px&#8221; header_5_3_font_size_tablet=&#8221;40px&#8221; header_6_3_font_size_tablet=&#8221;40px&#8221; header_2_3_font_size_phone=&#8221;26px&#8221; header_3_3_font_size_phone=&#8221;26px&#8221; header_4_3_font_size_phone=&#8221;26px&#8221; header_5_3_font_size_phone=&#8221;26px&#8221; header_6_3_font_size_phone=&#8221;26px&#8221; header_2_3_font_size_last_edited=&#8221;on|phone&#8221; header_3_3_font_size_last_edited=&#8221;on|phone&#8221; header_4_3_font_size_last_edited=&#8221;on|phone&#8221; header_5_3_font_size_last_edited=&#8221;on|phone&#8221; header_6_3_font_size_last_edited=&#8221;on|phone&#8221;]<\/p>\n<h2>e-mail<\/h2>\n<h3>kiraly@kiralylovastanya.hu<\/h3>\n<p>[\/et_pb_text][\/et_pb_column][\/et_pb_row][et_pb_row _builder_version=&#8221;4.16&#8243; custom_margin=&#8221;40px||-118px||false|false&#8221; global_colors_info=&#8221;{}&#8221;][et_pb_column type=&#8221;4_4&#8243; _builder_version=&#8221;4.16&#8243; global_colors_info=&#8221;{}&#8221;][et_pb_social_media_follow icon_color=&#8221;#ebcd3d&#8221; _builder_version=&#8221;4.16&#8243; text_orientation=&#8221;center&#8221; border_radii=&#8221;on|100px|100px|100px|100px&#8221; box_shadow_style=&#8221;preset3&#8243; box_shadow_vertical=&#8221;10px&#8221; box_shadow_blur=&#8221;20px&#8221; box_shadow_spread=&#8221;0px&#8221; box_shadow_color=&#8221;rgba(0,0,0,0.1)&#8221; locked=&#8221;off&#8221; global_colors_info=&#8221;{}&#8221;][et_pb_social_media_follow_network social_network=&#8221;facebook&#8221; url=&#8221;https:\/\/www.facebook.com\/profile.php?id=100057240386766&#8243; icon_color=&#8221;#ebcd3d&#8221; _builder_version=&#8221;4.16&#8243; background_color=&#8221;#ffffff&#8221; background_enable_color=&#8221;on&#8221; custom_margin=&#8221;|10px||10px|false|true&#8221; custom_padding=&#8221;10px|10px|10px|10px|true|true&#8221; global_colors_info=&#8221;{}&#8221; follow_button=&#8221;off&#8221; url_new_window=&#8221;on&#8221;]facebook[\/et_pb_social_media_follow_network][et_pb_social_media_follow_network social_network=&#8221;instagram&#8221; url=&#8221;https:\/\/l.facebook.com\/l.php?u=https%3A%2F%2Finstagram.com%2Fkiralylovastanya%3Futm_medium%3Dcopy_link%26fbclid%3DIwAR1GbAgz6ypz9yvg1EP2iqXEDp8RZAc8B85F2gsReYeuRlRPxfrp5aWT-Bo&#038;h=AT26pCej_0-bBzksVmQpFsFt5Cpy0BkdyL_cxRAEBxzDmf-HeFuNzx_wOvkjr8vvfwnT27Ml5ZyRDgR4GksYeSPNQHJGchv84oRh7ArerQ-HleD41NRecDhwRtRBE30pvkbSPQ&#8221; _builder_version=&#8221;4.16&#8243; background_color=&#8221;#ffffff&#8221; background_enable_color=&#8221;on&#8221; custom_margin=&#8221;|10px||10px|false|true&#8221; custom_padding=&#8221;10px|10px|10px|10px|true|true&#8221; global_colors_info=&#8221;{}&#8221; follow_button=&#8221;off&#8221; url_new_window=&#8221;on&#8221;]instagram[\/et_pb_social_media_follow_network][\/et_pb_social_media_follow][\/et_pb_column][\/et_pb_row][\/et_pb_section]<\/p>\n","protected":false},"excerpt":{"rendered":"<p>Szolg\u00e1ltat\u00e1sainkFelszerelts\u00e9g \u00e9s sz\u00e1ll\u00e1s Soron k\u00edv\u00fcli be- \u00e9s kijelentkez\u00e9s Poggy\u00e1szmeg\u0151rz\u00e9s L\u00e9gkondicion\u00e1l\u00e1s Takar\u00edt\u00e1s naponta K\u00e1v\u00e9z\u00f3 &amp; \u00e9tterem K\u00f6z\u00f6s t\u00e1rsalg\u00f3 T\u00e1rgyal\u00f3 \u00e9s rendezv\u00e9nyterem T\u00e9v\u00e9szoba Belt\u00e9ri medence Grillez\u00e9si lehet\u0151s\u00e9g fel\u00e1r ellen\u00e9ben H\u00e1zi kedvencek H\u00e1zi\u00e1llatok el\u0151zetes egyeztet\u00e9s alapj\u00e1n 1500Ft\/f\u0151 \u00e1ron sz\u00e1ll\u00e1solhat\u00f3k el. Internet Ingyenes! A nyilv\u00e1nos helyis\u00e9gekben WiFi internet-hozz\u00e1f\u00e9r\u00e9s biztos\u00edtott, d\u00edjmentesen. Parkol\u00e1s Ingyenes! Ingyenes priv\u00e1t parkol\u00e1s lehets\u00e9ges a helysz\u00ednen (foglal\u00e1s [&hellip;]<\/p>\n","protected":false},"author":1,"featured_media":0,"parent":0,"menu_order":0,"comment_status":"closed","ping_status":"closed","template":"","meta":{"_et_pb_use_builder":"on","_et_pb_old_content":"","_et_gb_content_width":"","footnotes":""},"class_list":["post-817","page","type-page","status-publish","hentry"],"_links":{"self":[{"href":"https:\/\/kiralylovastanya.hu\/index.php?rest_route=\/wp\/v2\/pages\/817","targetHints":{"allow":["GET"]}}],"collection":[{"href":"https:\/\/kiralylovastanya.hu\/index.php?rest_route=\/wp\/v2\/pages"}],"about":[{"href":"https:\/\/kiralylovastanya.hu\/index.php?rest_route=\/wp\/v2\/types\/page"}],"author":[{"embeddable":true,"href":"https:\/\/kiralylovastanya.hu\/index.php?rest_route=\/wp\/v2\/users\/1"}],"replies":[{"embeddable":true,"href":"https:\/\/kiralylovastanya.hu\/index.php?rest_route=%2Fwp%2Fv2%2Fcomments&post=817"}],"version-history":[{"count":27,"href":"https:\/\/kiralylovastanya.hu\/index.php?rest_route=\/wp\/v2\/pages\/817\/revisions"}],"predecessor-version":[{"id":1843,"href":"https:\/\/kiralylovastanya.hu\/index.php?rest_route=\/wp\/v2\/pages\/817\/revisions\/1843"}],"wp:attachment":[{"href":"https:\/\/kiralylovastanya.hu\/index.php?rest_route=%2Fwp%2Fv2%2Fmedia&parent=817"}],"curies":[{"name":"wp","href":"https:\/\/api.w.org\/{rel}","templated":true}]}}